{"id":8140,"date":"2023-06-12T13:43:26","date_gmt":"2023-06-12T11:43:26","guid":{"rendered":"https:\/\/subli.nl\/?page_id=8140"},"modified":"2023-06-20T10:51:10","modified_gmt":"2023-06-20T08:51:10","slug":"newsletter","status":"publish","type":"page","link":"https:\/\/subli.nl\/de\/nieuwsbrief\/","title":{"rendered":"Newsletter"},"content":{"rendered":"","protected":false},"excerpt":{"rendered":"","protected":false},"author":4,"featured_media":0,"parent":0,"menu_order":0,"comment_status":"closed","ping_status":"closed","template":"","meta":{"_acf_changed":false,"footnotes":""},"class_list":["post-8140","page","type-page","status-publish","hentry"],"acf":{"layout":[{"acf_fc_layout":"content","menu_anchor":"","full_width_content_block":false,"the_content_background_color":"","the_content":"<h1>Schrijf je in voor onze nieuwsbrief<\/h1>\r\n<strong>De kracht van een paard begint bij de juiste voeding. Je paard wordt gelukkig en vitaal. We helpen je er graag bij. Meld je aan voor onze nieuwsbrief en blijf op de hoogte van de laatste ontwikkelingen rondom paardenvoer, de Subli Competitie en onze adviezen.<\/strong>"},{"acf_fc_layout":"content","menu_anchor":"","full_width_content_block":false,"the_content_background_color":"#e8e6e4","the_content":"<!-- Aanmeldformulier Subli -->\r\n<h2>Meld je aan via onderstaand formulier<\/h2>\r\n<script type=\"text\/javascript\">\r\nwindow.onload = function () \r\n{\r\n<!-- parameters we will be passing to the frame -->\r\nvar code = location.search.match(\/code=([\\d\\w]+)\/) ? RegExp.$1 : 0;\r\nvar profile = location.search.match(\/profile=([\\d\\w]+)\/) ? RegExp.$1 : 0;\r\nvar src = \"https:\/\/ar.mailcampagnes.nl\/aanmelden_subli\/?\";\r\nif(code != 0) src += \"code=\"+code+\"&\";\r\nif(profile != 0) src += \"profile=\"+profile;\r\ndocument.getElementById('loadedform').src = src;\r\n}\r\n<\/script><iframe id=\"loadedform\" width=\"100%\" height=\"600px\" frameborder=\"0\"><\/iframe>"}]},"yoast_head":"<!-- This site is optimized with the Yoast SEO plugin v27.4 - https:\/\/yoast.com\/product\/yoast-seo-wordpress\/ -->\n<title>Subli Nieuwsbrief | Over de Subli Cup, acties en voedingstips<\/title>\n<meta name=\"description\" content=\"Je paard optimaal verzorgen, we helpen je graag. Met de Subli Nieuwsbrief blijf je op de hoogte over de ontwikkelingen en voedingstips.\" \/>\n<meta name=\"robots\" content=\"index, follow, max-snippet:-1, max-image-preview:large, max-video-preview:-1\" \/>\n<link rel=\"canonical\" href=\"https:\/\/subli.nl\/de\/newsletter\/\" \/>\n<meta property=\"og:locale\" content=\"de_DE\" \/>\n<meta property=\"og:type\" content=\"article\" \/>\n<meta property=\"og:title\" content=\"Subli Nieuwsbrief | Over de Subli Cup, acties en voedingstips\" \/>\n<meta property=\"og:description\" content=\"Je paard optimaal verzorgen, we helpen je graag. Met de Subli Nieuwsbrief blijf je op de hoogte over de ontwikkelingen en voedingstips.\" \/>\n<meta property=\"og:url\" content=\"https:\/\/subli.nl\/de\/newsletter\/\" \/>\n<meta property=\"og:site_name\" content=\"Subli\" \/>\n<meta property=\"article:modified_time\" content=\"2023-06-20T08:51:10+00:00\" \/>\n<meta property=\"og:image\" content=\"https:\/\/subli.nl\/wp-content\/uploads\/2022\/11\/subli-paardenvoeders-website-1200x630-1.jpg\" \/>\n\t<meta property=\"og:image:width\" content=\"1200\" \/>\n\t<meta property=\"og:image:height\" content=\"628\" \/>\n\t<meta property=\"og:image:type\" content=\"image\/jpeg\" \/>\n<meta name=\"twitter:card\" content=\"summary_large_image\" \/>\n<script type=\"application\/ld+json\" class=\"yoast-schema-graph\">{\"@context\":\"https:\\\/\\\/schema.org\",\"@graph\":[{\"@type\":\"WebPage\",\"@id\":\"https:\\\/\\\/subli.nl\\\/nieuwsbrief\\\/\",\"url\":\"https:\\\/\\\/subli.nl\\\/nieuwsbrief\\\/\",\"name\":\"Subli Nieuwsbrief | Over de Subli Cup, acties en voedingstips\",\"isPartOf\":{\"@id\":\"https:\\\/\\\/subli.nl\\\/#website\"},\"datePublished\":\"2023-06-12T11:43:26+00:00\",\"dateModified\":\"2023-06-20T08:51:10+00:00\",\"description\":\"Je paard optimaal verzorgen, we helpen je graag. Met de Subli Nieuwsbrief blijf je op de hoogte over de ontwikkelingen en voedingstips.\",\"inLanguage\":\"de\",\"potentialAction\":[{\"@type\":\"ReadAction\",\"target\":[\"https:\\\/\\\/subli.nl\\\/nieuwsbrief\\\/\"]}]},{\"@type\":\"WebSite\",\"@id\":\"https:\\\/\\\/subli.nl\\\/#website\",\"url\":\"https:\\\/\\\/subli.nl\\\/\",\"name\":\"Subli\",\"description\":\"Paardenvoeders\",\"publisher\":{\"@id\":\"https:\\\/\\\/subli.nl\\\/#organization\"},\"potentialAction\":[{\"@type\":\"SearchAction\",\"target\":{\"@type\":\"EntryPoint\",\"urlTemplate\":\"https:\\\/\\\/subli.nl\\\/?s={search_term_string}\"},\"query-input\":{\"@type\":\"PropertyValueSpecification\",\"valueRequired\":true,\"valueName\":\"search_term_string\"}}],\"inLanguage\":\"de\"},{\"@type\":\"Organization\",\"@id\":\"https:\\\/\\\/subli.nl\\\/#organization\",\"name\":\"Subli\",\"url\":\"https:\\\/\\\/subli.nl\\\/\",\"logo\":{\"@type\":\"ImageObject\",\"inLanguage\":\"de\",\"@id\":\"https:\\\/\\\/subli.nl\\\/#\\\/schema\\\/logo\\\/image\\\/\",\"url\":\"https:\\\/\\\/subli.nl\\\/wp-content\\\/uploads\\\/2023\\\/06\\\/logo-subli-nieuw.svg\",\"contentUrl\":\"https:\\\/\\\/subli.nl\\\/wp-content\\\/uploads\\\/2023\\\/06\\\/logo-subli-nieuw.svg\",\"width\":100,\"height\":100,\"caption\":\"Subli\"},\"image\":{\"@id\":\"https:\\\/\\\/subli.nl\\\/#\\\/schema\\\/logo\\\/image\\\/\"}}]}<\/script>\n<!-- \/ Yoast SEO plugin. -->","yoast_head_json":{"title":"Subli Newsletter | \u00dcber den Subli Cup, Aktionen und Ern\u00e4hrungstipps","description":"Wenn Sie Ihr Pferd optimal versorgen wollen, helfen wir Ihnen gerne. Der Subli-Newsletter h\u00e4lt Sie \u00fcber Entwicklungen und Ern\u00e4hrungstipps auf dem Laufenden.","robots":{"index":"index","follow":"follow","max-snippet":"max-snippet:-1","max-image-preview":"max-image-preview:large","max-video-preview":"max-video-preview:-1"},"canonical":"https:\/\/subli.nl\/de\/newsletter\/","og_locale":"de_DE","og_type":"article","og_title":"Subli Nieuwsbrief | Over de Subli Cup, acties en voedingstips","og_description":"Je paard optimaal verzorgen, we helpen je graag. Met de Subli Nieuwsbrief blijf je op de hoogte over de ontwikkelingen en voedingstips.","og_url":"https:\/\/subli.nl\/de\/newsletter\/","og_site_name":"Subli","article_modified_time":"2023-06-20T08:51:10+00:00","og_image":[{"width":1200,"height":628,"url":"https:\/\/subli.nl\/wp-content\/uploads\/2022\/11\/subli-paardenvoeders-website-1200x630-1.jpg","type":"image\/jpeg"}],"twitter_card":"summary_large_image","schema":{"@context":"https:\/\/schema.org","@graph":[{"@type":"WebPage","@id":"https:\/\/subli.nl\/nieuwsbrief\/","url":"https:\/\/subli.nl\/nieuwsbrief\/","name":"Subli Newsletter | \u00dcber den Subli Cup, Aktionen und Ern\u00e4hrungstipps","isPartOf":{"@id":"https:\/\/subli.nl\/#website"},"datePublished":"2023-06-12T11:43:26+00:00","dateModified":"2023-06-20T08:51:10+00:00","description":"Wenn Sie Ihr Pferd optimal versorgen wollen, helfen wir Ihnen gerne. Der Subli-Newsletter h\u00e4lt Sie \u00fcber Entwicklungen und Ern\u00e4hrungstipps auf dem Laufenden.","inLanguage":"de","potentialAction":[{"@type":"ReadAction","target":["https:\/\/subli.nl\/nieuwsbrief\/"]}]},{"@type":"WebSite","@id":"https:\/\/subli.nl\/#website","url":"https:\/\/subli.nl\/","name":"Subli","description":"Pferdefutter","publisher":{"@id":"https:\/\/subli.nl\/#organization"},"potentialAction":[{"@type":"SearchAction","target":{"@type":"EntryPoint","urlTemplate":"https:\/\/subli.nl\/?s={search_term_string}"},"query-input":{"@type":"PropertyValueSpecification","valueRequired":true,"valueName":"search_term_string"}}],"inLanguage":"de"},{"@type":"Organization","@id":"https:\/\/subli.nl\/#organization","name":"Subli","url":"https:\/\/subli.nl\/","logo":{"@type":"ImageObject","inLanguage":"de","@id":"https:\/\/subli.nl\/#\/schema\/logo\/image\/","url":"https:\/\/subli.nl\/wp-content\/uploads\/2023\/06\/logo-subli-nieuw.svg","contentUrl":"https:\/\/subli.nl\/wp-content\/uploads\/2023\/06\/logo-subli-nieuw.svg","width":100,"height":100,"caption":"Subli"},"image":{"@id":"https:\/\/subli.nl\/#\/schema\/logo\/image\/"}}]}},"_links":{"self":[{"href":"https:\/\/subli.nl\/de\/wp-json\/wp\/v2\/pages\/8140","targetHints":{"allow":["GET"]}}],"collection":[{"href":"https:\/\/subli.nl\/de\/wp-json\/wp\/v2\/pages"}],"about":[{"href":"https:\/\/subli.nl\/de\/wp-json\/wp\/v2\/types\/page"}],"author":[{"embeddable":true,"href":"https:\/\/subli.nl\/de\/wp-json\/wp\/v2\/users\/4"}],"replies":[{"embeddable":true,"href":"https:\/\/subli.nl\/de\/wp-json\/wp\/v2\/comments?post=8140"}],"version-history":[{"count":0,"href":"https:\/\/subli.nl\/de\/wp-json\/wp\/v2\/pages\/8140\/revisions"}],"wp:attachment":[{"href":"https:\/\/subli.nl\/de\/wp-json\/wp\/v2\/media?parent=8140"}],"curies":[{"name":"wp","href":"https:\/\/api.w.org\/{rel}","templated":true}]}}