{"id":35,"date":"2022-09-09T11:13:13","date_gmt":"2022-09-09T09:13:13","guid":{"rendered":"https:\/\/nieuw.subli.nl\/?page_id=35"},"modified":"2023-08-10T08:18:34","modified_gmt":"2023-08-10T06:18:34","slug":"futtermittelberatung","status":"publish","type":"page","link":"https:\/\/subli.nl\/de\/voeradvies\/","title":{"rendered":"Futtermittelberatung"},"content":{"rendered":"","protected":false},"excerpt":{"rendered":"","protected":false},"author":1,"featured_media":0,"parent":0,"menu_order":0,"comment_status":"closed","ping_status":"closed","template":"","meta":{"_acf_changed":false,"footnotes":""},"class_list":["post-35","page","type-page","status-publish","hentry"],"acf":{"layout":[{"acf_fc_layout":"food_advice","menu_anchor":"","title":"Futtermittelberatung","short_intro":"<strong>De kracht van een paard begint bij de juiste voeding. Je paard wordt gelukkig en vitaal. Wil je een voeradvies op maat voor je paard? Vul onderstaand formulier zo volledig mogelijk in of neem contact op met onze klantenservice. <a href=\"https:\/\/subli.nl\/faq\/\">De meest gestelde vragen hebben we alvast voor je verzameld<\/a>.\u00a0<\/strong>","introduction_image":6865,"fusnote":"","form_id":1}]},"yoast_head":"<!-- This site is optimized with the Yoast SEO plugin v27.4 - https:\/\/yoast.com\/product\/yoast-seo-wordpress\/ -->\n<title>Behoefte aan voeradvies voor je paard of pony? | Subli<\/title>\n<meta name=\"description\" content=\"Wil je een voeradvies op maat voor je paard of pony? Onze voeradviseurs staan voor je klaar. Vul het formulier in voor vrijblijvend advies.\" \/>\n<meta name=\"robots\" content=\"index, follow, max-snippet:-1, max-image-preview:large, max-video-preview:-1\" \/>\n<link rel=\"canonical\" href=\"https:\/\/subli.nl\/de\/futtermittelberatung\/\" \/>\n<meta property=\"og:locale\" content=\"de_DE\" \/>\n<meta property=\"og:type\" content=\"article\" \/>\n<meta property=\"og:title\" content=\"Behoefte aan voeradvies voor je paard of pony? | Subli\" \/>\n<meta property=\"og:description\" content=\"Wil je een voeradvies op maat voor je paard of pony? Onze voeradviseurs staan voor je klaar. Vul het formulier in voor vrijblijvend advies.\" \/>\n<meta property=\"og:url\" content=\"https:\/\/subli.nl\/de\/futtermittelberatung\/\" \/>\n<meta property=\"og:site_name\" content=\"Subli\" \/>\n<meta property=\"article:modified_time\" content=\"2023-08-10T06:18:34+00:00\" \/>\n<meta property=\"og:image\" content=\"https:\/\/subli.nl\/wp-content\/uploads\/2022\/11\/subli-paardenvoeders-website-1200x630-1.jpg\" \/>\n\t<meta property=\"og:image:width\" content=\"1200\" \/>\n\t<meta property=\"og:image:height\" content=\"628\" \/>\n\t<meta property=\"og:image:type\" content=\"image\/jpeg\" \/>\n<meta name=\"twitter:card\" content=\"summary_large_image\" \/>\n<script type=\"application\/ld+json\" class=\"yoast-schema-graph\">{\"@context\":\"https:\\\/\\\/schema.org\",\"@graph\":[{\"@type\":\"WebPage\",\"@id\":\"https:\\\/\\\/subli.nl\\\/voeradvies\\\/\",\"url\":\"https:\\\/\\\/subli.nl\\\/voeradvies\\\/\",\"name\":\"Behoefte aan voeradvies voor je paard of pony? | Subli\",\"isPartOf\":{\"@id\":\"https:\\\/\\\/subli.nl\\\/#website\"},\"datePublished\":\"2022-09-09T09:13:13+00:00\",\"dateModified\":\"2023-08-10T06:18:34+00:00\",\"description\":\"Wil je een voeradvies op maat voor je paard of pony? Onze voeradviseurs staan voor je klaar. Vul het formulier in voor vrijblijvend advies.\",\"inLanguage\":\"de\",\"potentialAction\":[{\"@type\":\"ReadAction\",\"target\":[\"https:\\\/\\\/subli.nl\\\/voeradvies\\\/\"]}]},{\"@type\":\"WebSite\",\"@id\":\"https:\\\/\\\/subli.nl\\\/#website\",\"url\":\"https:\\\/\\\/subli.nl\\\/\",\"name\":\"Subli\",\"description\":\"Paardenvoeders\",\"publisher\":{\"@id\":\"https:\\\/\\\/subli.nl\\\/#organization\"},\"potentialAction\":[{\"@type\":\"SearchAction\",\"target\":{\"@type\":\"EntryPoint\",\"urlTemplate\":\"https:\\\/\\\/subli.nl\\\/?s={search_term_string}\"},\"query-input\":{\"@type\":\"PropertyValueSpecification\",\"valueRequired\":true,\"valueName\":\"search_term_string\"}}],\"inLanguage\":\"de\"},{\"@type\":\"Organization\",\"@id\":\"https:\\\/\\\/subli.nl\\\/#organization\",\"name\":\"Subli\",\"url\":\"https:\\\/\\\/subli.nl\\\/\",\"logo\":{\"@type\":\"ImageObject\",\"inLanguage\":\"de\",\"@id\":\"https:\\\/\\\/subli.nl\\\/#\\\/schema\\\/logo\\\/image\\\/\",\"url\":\"https:\\\/\\\/subli.nl\\\/wp-content\\\/uploads\\\/2023\\\/06\\\/logo-subli-nieuw.svg\",\"contentUrl\":\"https:\\\/\\\/subli.nl\\\/wp-content\\\/uploads\\\/2023\\\/06\\\/logo-subli-nieuw.svg\",\"width\":100,\"height\":100,\"caption\":\"Subli\"},\"image\":{\"@id\":\"https:\\\/\\\/subli.nl\\\/#\\\/schema\\\/logo\\\/image\\\/\"}}]}<\/script>\n<!-- \/ Yoast SEO plugin. -->","yoast_head_json":{"title":"Brauchen Sie eine Futterberatung f\u00fcr Ihr Pferd oder Pony? | Subli","description":"M\u00f6chten Sie eine ma\u00dfgeschneiderte Futterberatung f\u00fcr Ihr Pferd oder Pony? Unsere Futtermittelberater sind f\u00fcr Sie da. F\u00fcllen Sie das Formular f\u00fcr eine kostenlose Beratung aus.","robots":{"index":"index","follow":"follow","max-snippet":"max-snippet:-1","max-image-preview":"max-image-preview:large","max-video-preview":"max-video-preview:-1"},"canonical":"https:\/\/subli.nl\/de\/futtermittelberatung\/","og_locale":"de_DE","og_type":"article","og_title":"Behoefte aan voeradvies voor je paard of pony? | Subli","og_description":"Wil je een voeradvies op maat voor je paard of pony? Onze voeradviseurs staan voor je klaar. Vul het formulier in voor vrijblijvend advies.","og_url":"https:\/\/subli.nl\/de\/futtermittelberatung\/","og_site_name":"Subli","article_modified_time":"2023-08-10T06:18:34+00:00","og_image":[{"width":1200,"height":628,"url":"https:\/\/subli.nl\/wp-content\/uploads\/2022\/11\/subli-paardenvoeders-website-1200x630-1.jpg","type":"image\/jpeg"}],"twitter_card":"summary_large_image","schema":{"@context":"https:\/\/schema.org","@graph":[{"@type":"WebPage","@id":"https:\/\/subli.nl\/voeradvies\/","url":"https:\/\/subli.nl\/voeradvies\/","name":"Brauchen Sie eine Futterberatung f\u00fcr Ihr Pferd oder Pony? | Subli","isPartOf":{"@id":"https:\/\/subli.nl\/#website"},"datePublished":"2022-09-09T09:13:13+00:00","dateModified":"2023-08-10T06:18:34+00:00","description":"M\u00f6chten Sie eine ma\u00dfgeschneiderte Futterberatung f\u00fcr Ihr Pferd oder Pony? Unsere Futtermittelberater sind f\u00fcr Sie da. F\u00fcllen Sie das Formular f\u00fcr eine kostenlose Beratung aus.","inLanguage":"de","potentialAction":[{"@type":"ReadAction","target":["https:\/\/subli.nl\/voeradvies\/"]}]},{"@type":"WebSite","@id":"https:\/\/subli.nl\/#website","url":"https:\/\/subli.nl\/","name":"Subli","description":"Pferdefutter","publisher":{"@id":"https:\/\/subli.nl\/#organization"},"potentialAction":[{"@type":"SearchAction","target":{"@type":"EntryPoint","urlTemplate":"https:\/\/subli.nl\/?s={search_term_string}"},"query-input":{"@type":"PropertyValueSpecification","valueRequired":true,"valueName":"search_term_string"}}],"inLanguage":"de"},{"@type":"Organization","@id":"https:\/\/subli.nl\/#organization","name":"Subli","url":"https:\/\/subli.nl\/","logo":{"@type":"ImageObject","inLanguage":"de","@id":"https:\/\/subli.nl\/#\/schema\/logo\/image\/","url":"https:\/\/subli.nl\/wp-content\/uploads\/2023\/06\/logo-subli-nieuw.svg","contentUrl":"https:\/\/subli.nl\/wp-content\/uploads\/2023\/06\/logo-subli-nieuw.svg","width":100,"height":100,"caption":"Subli"},"image":{"@id":"https:\/\/subli.nl\/#\/schema\/logo\/image\/"}}]}},"_links":{"self":[{"href":"https:\/\/subli.nl\/de\/wp-json\/wp\/v2\/pages\/35","targetHints":{"allow":["GET"]}}],"collection":[{"href":"https:\/\/subli.nl\/de\/wp-json\/wp\/v2\/pages"}],"about":[{"href":"https:\/\/subli.nl\/de\/wp-json\/wp\/v2\/types\/page"}],"author":[{"embeddable":true,"href":"https:\/\/subli.nl\/de\/wp-json\/wp\/v2\/users\/1"}],"replies":[{"embeddable":true,"href":"https:\/\/subli.nl\/de\/wp-json\/wp\/v2\/comments?post=35"}],"version-history":[{"count":0,"href":"https:\/\/subli.nl\/de\/wp-json\/wp\/v2\/pages\/35\/revisions"}],"wp:attachment":[{"href":"https:\/\/subli.nl\/de\/wp-json\/wp\/v2\/media?parent=35"}],"curies":[{"name":"wp","href":"https:\/\/api.w.org\/{rel}","templated":true}]}}