{"id":33,"date":"2022-09-09T11:13:05","date_gmt":"2022-09-09T09:13:05","guid":{"rendered":"https:\/\/nieuw.subli.nl\/?page_id=33"},"modified":"2023-08-10T08:28:47","modified_gmt":"2023-08-10T06:28:47","slug":"steckdosen","status":"publish","type":"page","link":"https:\/\/subli.nl\/de\/verkooppunten\/","title":{"rendered":"Verkaufsstellen"},"content":{"rendered":"","protected":false},"excerpt":{"rendered":"","protected":false},"author":1,"featured_media":0,"parent":0,"menu_order":0,"comment_status":"closed","ping_status":"closed","template":"","meta":{"_acf_changed":false,"footnotes":""},"class_list":["post-33","page","type-page","status-publish","hentry"],"acf":{"layout":[{"acf_fc_layout":"page_intro","menu_anchor":"","title":"Verkaufsstellen","short_intro":"Het maakt niet uit waar je woont. Er is altijd een Subli-dealer bij jou in de buurt. Subli-voeders zijn verkrijgbaar bij alle Boerenbond- en Welkoopwinkels en bij een groot aantal wederverkopers. Daarnaast kun je Subli ook rechtstreeks bij ons bestellen en op stal laten bezorgen.","page_content":"<strong>Subli aan huis<\/strong>\r\nBestellingen zakgoed vanaf 300 kg kunnen door ons bij jou op stal bezorgd worden tegen zeer aantrekkelijke voorwaarden. Vanaf 1 ton is Subli ook in bulk verkrijgbaar. Voor meer informatie kun je contact opnemen met\u00a0<a href=\"https:\/\/subli.nl\/onze-voeradviseurs\/\">onze voeradviseurs<\/a>\u00a0of onze klantenservice via\u00a0<a href=\"tel:0317499595\">0317-499595<\/a>. Subli is ook in Belgi\u00eb leverbaar.","introduction_image":""},{"acf_fc_layout":"sales_locations_block","menu_anchor":""},{"acf_fc_layout":"two__cta_and_image","menu_anchor":"","cta_content":{"cta_title":"Voeradvies op maat","cta_fusnote":"Bij Subli vind je exact wat je paard nodig heeft voor een gezond, tevreden en energiek leven. Van brokken en muesli's tot ruwvoeders en supplementen. We adviseren je graag wat jouw paard nodig heeft om gezond en energiek te blijven.","button_label":"Voeradvies aanvragen","button_external":false,"cta_url":"","cta_link":35},"cta_image":6865}]},"yoast_head":"<!-- This site is optimized with the Yoast SEO plugin v27.4 - https:\/\/yoast.com\/product\/yoast-seo-wordpress\/ -->\n<title>Subli paardenvoer kopen? Verkooppunten | Subli<\/title>\n<meta name=\"description\" content=\"Subli is te koop bij alle Boerenbond- en Welkoopwinkels en een groot aantal wederverkopers. Vind hier de locatie(s) bij jou in de buurt.\" \/>\n<meta name=\"robots\" content=\"index, follow, max-snippet:-1, max-image-preview:large, max-video-preview:-1\" \/>\n<link rel=\"canonical\" href=\"https:\/\/subli.nl\/de\/steckdosen\/\" \/>\n<meta property=\"og:locale\" content=\"de_DE\" \/>\n<meta property=\"og:type\" content=\"article\" \/>\n<meta property=\"og:title\" content=\"Subli paardenvoer kopen? Verkooppunten | Subli\" \/>\n<meta property=\"og:description\" content=\"Subli is te koop bij alle Boerenbond- en Welkoopwinkels en een groot aantal wederverkopers. Vind hier de locatie(s) bij jou in de buurt.\" \/>\n<meta property=\"og:url\" content=\"https:\/\/subli.nl\/de\/steckdosen\/\" \/>\n<meta property=\"og:site_name\" content=\"Subli\" \/>\n<meta property=\"article:modified_time\" content=\"2023-08-10T06:28:47+00:00\" \/>\n<meta property=\"og:image\" content=\"https:\/\/subli.nl\/wp-content\/uploads\/2022\/11\/subli-paardenvoeders-website-1200x630-1.jpg\" \/>\n\t<meta property=\"og:image:width\" content=\"1200\" \/>\n\t<meta property=\"og:image:height\" content=\"628\" \/>\n\t<meta property=\"og:image:type\" content=\"image\/jpeg\" \/>\n<meta name=\"twitter:card\" content=\"summary_large_image\" \/>\n<script type=\"application\/ld+json\" class=\"yoast-schema-graph\">{\"@context\":\"https:\\\/\\\/schema.org\",\"@graph\":[{\"@type\":\"WebPage\",\"@id\":\"https:\\\/\\\/subli.nl\\\/verkooppunten\\\/\",\"url\":\"https:\\\/\\\/subli.nl\\\/verkooppunten\\\/\",\"name\":\"Subli paardenvoer kopen? Verkooppunten | Subli\",\"isPartOf\":{\"@id\":\"https:\\\/\\\/subli.nl\\\/#website\"},\"datePublished\":\"2022-09-09T09:13:05+00:00\",\"dateModified\":\"2023-08-10T06:28:47+00:00\",\"description\":\"Subli is te koop bij alle Boerenbond- en Welkoopwinkels en een groot aantal wederverkopers. Vind hier de locatie(s) bij jou in de buurt.\",\"inLanguage\":\"de\",\"potentialAction\":[{\"@type\":\"ReadAction\",\"target\":[\"https:\\\/\\\/subli.nl\\\/verkooppunten\\\/\"]}]},{\"@type\":\"WebSite\",\"@id\":\"https:\\\/\\\/subli.nl\\\/#website\",\"url\":\"https:\\\/\\\/subli.nl\\\/\",\"name\":\"Subli\",\"description\":\"Paardenvoeders\",\"publisher\":{\"@id\":\"https:\\\/\\\/subli.nl\\\/#organization\"},\"potentialAction\":[{\"@type\":\"SearchAction\",\"target\":{\"@type\":\"EntryPoint\",\"urlTemplate\":\"https:\\\/\\\/subli.nl\\\/?s={search_term_string}\"},\"query-input\":{\"@type\":\"PropertyValueSpecification\",\"valueRequired\":true,\"valueName\":\"search_term_string\"}}],\"inLanguage\":\"de\"},{\"@type\":\"Organization\",\"@id\":\"https:\\\/\\\/subli.nl\\\/#organization\",\"name\":\"Subli\",\"url\":\"https:\\\/\\\/subli.nl\\\/\",\"logo\":{\"@type\":\"ImageObject\",\"inLanguage\":\"de\",\"@id\":\"https:\\\/\\\/subli.nl\\\/#\\\/schema\\\/logo\\\/image\\\/\",\"url\":\"https:\\\/\\\/subli.nl\\\/wp-content\\\/uploads\\\/2023\\\/06\\\/logo-subli-nieuw.svg\",\"contentUrl\":\"https:\\\/\\\/subli.nl\\\/wp-content\\\/uploads\\\/2023\\\/06\\\/logo-subli-nieuw.svg\",\"width\":100,\"height\":100,\"caption\":\"Subli\"},\"image\":{\"@id\":\"https:\\\/\\\/subli.nl\\\/#\\\/schema\\\/logo\\\/image\\\/\"}}]}<\/script>\n<!-- \/ Yoast SEO plugin. -->","yoast_head_json":{"title":"M\u00f6chten Sie Subli Pferdefutter kaufen? Verkaufsstellen | Subli","description":"Subli ist in allen Gesch\u00e4ften von Farmers' Union und Welkoop sowie bei einer Vielzahl von Wiederverk\u00e4ufern erh\u00e4ltlich. Finden Sie hier die Filiale(n) in Ihrer N\u00e4he.","robots":{"index":"index","follow":"follow","max-snippet":"max-snippet:-1","max-image-preview":"max-image-preview:large","max-video-preview":"max-video-preview:-1"},"canonical":"https:\/\/subli.nl\/de\/steckdosen\/","og_locale":"de_DE","og_type":"article","og_title":"Subli paardenvoer kopen? Verkooppunten | Subli","og_description":"Subli is te koop bij alle Boerenbond- en Welkoopwinkels en een groot aantal wederverkopers. Vind hier de locatie(s) bij jou in de buurt.","og_url":"https:\/\/subli.nl\/de\/steckdosen\/","og_site_name":"Subli","article_modified_time":"2023-08-10T06:28:47+00:00","og_image":[{"width":1200,"height":628,"url":"https:\/\/subli.nl\/wp-content\/uploads\/2022\/11\/subli-paardenvoeders-website-1200x630-1.jpg","type":"image\/jpeg"}],"twitter_card":"summary_large_image","schema":{"@context":"https:\/\/schema.org","@graph":[{"@type":"WebPage","@id":"https:\/\/subli.nl\/verkooppunten\/","url":"https:\/\/subli.nl\/verkooppunten\/","name":"M\u00f6chten Sie Subli Pferdefutter kaufen? Verkaufsstellen | Subli","isPartOf":{"@id":"https:\/\/subli.nl\/#website"},"datePublished":"2022-09-09T09:13:05+00:00","dateModified":"2023-08-10T06:28:47+00:00","description":"Subli ist in allen Gesch\u00e4ften von Farmers' Union und Welkoop sowie bei einer Vielzahl von Wiederverk\u00e4ufern erh\u00e4ltlich. Finden Sie hier die Filiale(n) in Ihrer N\u00e4he.","inLanguage":"de","potentialAction":[{"@type":"ReadAction","target":["https:\/\/subli.nl\/verkooppunten\/"]}]},{"@type":"WebSite","@id":"https:\/\/subli.nl\/#website","url":"https:\/\/subli.nl\/","name":"Subli","description":"Pferdefutter","publisher":{"@id":"https:\/\/subli.nl\/#organization"},"potentialAction":[{"@type":"SearchAction","target":{"@type":"EntryPoint","urlTemplate":"https:\/\/subli.nl\/?s={search_term_string}"},"query-input":{"@type":"PropertyValueSpecification","valueRequired":true,"valueName":"search_term_string"}}],"inLanguage":"de"},{"@type":"Organization","@id":"https:\/\/subli.nl\/#organization","name":"Subli","url":"https:\/\/subli.nl\/","logo":{"@type":"ImageObject","inLanguage":"de","@id":"https:\/\/subli.nl\/#\/schema\/logo\/image\/","url":"https:\/\/subli.nl\/wp-content\/uploads\/2023\/06\/logo-subli-nieuw.svg","contentUrl":"https:\/\/subli.nl\/wp-content\/uploads\/2023\/06\/logo-subli-nieuw.svg","width":100,"height":100,"caption":"Subli"},"image":{"@id":"https:\/\/subli.nl\/#\/schema\/logo\/image\/"}}]}},"_links":{"self":[{"href":"https:\/\/subli.nl\/de\/wp-json\/wp\/v2\/pages\/33","targetHints":{"allow":["GET"]}}],"collection":[{"href":"https:\/\/subli.nl\/de\/wp-json\/wp\/v2\/pages"}],"about":[{"href":"https:\/\/subli.nl\/de\/wp-json\/wp\/v2\/types\/page"}],"author":[{"embeddable":true,"href":"https:\/\/subli.nl\/de\/wp-json\/wp\/v2\/users\/1"}],"replies":[{"embeddable":true,"href":"https:\/\/subli.nl\/de\/wp-json\/wp\/v2\/comments?post=33"}],"version-history":[{"count":0,"href":"https:\/\/subli.nl\/de\/wp-json\/wp\/v2\/pages\/33\/revisions"}],"wp:attachment":[{"href":"https:\/\/subli.nl\/de\/wp-json\/wp\/v2\/media?parent=33"}],"curies":[{"name":"wp","href":"https:\/\/api.w.org\/{rel}","templated":true}]}}