{"id":3,"date":"2022-09-09T07:14:12","date_gmt":"2022-09-09T07:14:12","guid":{"rendered":"https:\/\/nieuw.subli.nl\/?page_id=3"},"modified":"2022-11-28T14:49:59","modified_gmt":"2022-11-28T13:49:59","slug":"erklarung-zum-datenschutz","status":"publish","type":"page","link":"https:\/\/subli.nl\/de\/disclaimer\/privacyverklaring\/","title":{"rendered":"Erkl\u00e4rung zum Datenschutz"},"content":{"rendered":"<h2 class=\"wp-block-heading\">Wer wir sind<\/h2>\r\n\r\n\r\n\r\n<p><strong class=\"privacy-policy-tutorial\">Vorgeschlagener Text: <\/strong>Unsere Website-Adresse lautet: https:\/\/subli.nl.<\/p>\r\n\r\n\r\n\r\n<h2 class=\"wp-block-heading\">Kommentare<\/h2>\r\n\r\n\r\n\r\n<p><strong class=\"privacy-policy-tutorial\">Vorgeschlagener Text: <\/strong>Wenn Besucher Kommentare auf der Website hinterlassen, erfassen wir die im Kommentarformular angezeigten Daten sowie die IP-Adresse und den User-Agent-String des Browsers des Besuchers, um die Spam-Erkennung zu erleichtern.<\/p>\r\n\r\n\r\n\r\n<p>Eine anonymisierte Zeichenfolge, die aus Ihrer E-Mail-Adresse erstellt wird (auch Hash genannt), kann dem Gravatar-Dienst zur Verf\u00fcgung gestellt werden, um zu sehen, ob Sie ihn benutzen. Die Datenschutzbestimmungen des Gravatar-Dienstes finden Sie hier: https:\/\/automattic.com\/privacy\/. Nach der Freigabe Ihres Kommentars ist Ihr Profilbild im Zusammenhang mit Ihrem Kommentar \u00f6ffentlich sichtbar.<\/p>\r\n\r\n\r\n\r\n<h2 class=\"wp-block-heading\">Medien<\/h2>\r\n\r\n\r\n\r\n<p><strong class=\"privacy-policy-tutorial\">Vorgeschlagener Text: <\/strong>Wenn Sie Bilder auf die Website hochladen, sollten Sie es vermeiden, Bilder hochzuladen, die eingebettete Standortdaten (EXIF-GPS) enthalten. Die Besucher der Website k\u00f6nnen alle Standortdaten von den Bildern auf der Website herunterladen und extrahieren.<\/p>\r\n\r\n\r\n\r\n<h2 class=\"wp-block-heading\">Cookies<\/h2>\r\n\r\n\r\n\r\n<p><strong class=\"privacy-policy-tutorial\">Vorgeschlagener Text: <\/strong>Wenn Sie einen Kommentar auf unserer Website hinterlassen, k\u00f6nnen Sie sich damit einverstanden erkl\u00e4ren, dass Ihr Name, Ihre E-Mail-Adresse und Ihre Website in Cookies gespeichert werden. Diese dienen Ihrer Bequemlichkeit, damit Sie Ihre Daten nicht erneut eingeben m\u00fcssen, wenn Sie einen weiteren Kommentar hinterlassen. Diese Cookies sind ein Jahr lang g\u00fcltig.<\/p>\r\n\r\n\r\n\r\n<p>Wenn Sie unsere Anmeldeseite besuchen, setzen wir ein tempor\u00e4res Cookie, um festzustellen, ob Ihr Browser Cookies zul\u00e4sst. Dieses Cookie enth\u00e4lt keine pers\u00f6nlichen Daten und wird gel\u00f6scht, wenn Sie Ihren Browser schlie\u00dfen.<\/p>\r\n\r\n\r\n\r\n<p>Wenn Sie sich anmelden, legen wir au\u00dferdem mehrere Cookies an, um Ihre Anmeldeinformationen und die von Ihnen gew\u00e4hlten Bildschirmoptionen zu speichern. Die Anmelde-Cookies bleiben zwei Tage lang gespeichert, die Cookies f\u00fcr die Bildschirmoptionen ein Jahr lang. Wenn Sie \"Remember Me\" w\u00e4hlen, bleibt Ihr Login zwei Wochen lang erhalten. Wenn Sie sich von Ihrem Konto abmelden, werden die Anmelde-Cookies entfernt.<\/p>\r\n\r\n\r\n\r\n<p>Wenn Sie einen Artikel bearbeiten oder ver\u00f6ffentlichen, wird ein zus\u00e4tzliches Cookie in Ihrem Browser gespeichert. Dieses Cookie enth\u00e4lt keine pers\u00f6nlichen Daten und zeigt lediglich die Post-ID des Artikels an, den Sie gerade bearbeitet haben. Er verf\u00e4llt nach 1 Tag.<\/p>\r\n\r\n\r\n\r\n<h2 class=\"wp-block-heading\">Eingebettete Inhalte von anderen Websites<\/h2>\r\n\r\n\r\n\r\n<p><strong class=\"privacy-policy-tutorial\">Vorgeschlagener Text: <\/strong>Die Artikel auf dieser Website k\u00f6nnen eingebettete Inhalte (z. B. Videos, Bilder, Artikel usw.) enthalten. Eingebettete Inhalte von anderen Websites verhalten sich genau so, als ob der Besucher die andere Website besucht h\u00e4tte.<\/p>\r\n\r\n\r\n\r\n<p>Diese Websites k\u00f6nnen Daten \u00fcber Sie sammeln, Cookies verwenden, zus\u00e4tzliche Trackingfunktionen von Dritten einbetten und Ihre Interaktion mit diesen eingebetteten Inhalten \u00fcberwachen, einschlie\u00dflich der Verfolgung Ihrer Interaktion mit den eingebetteten Inhalten, wenn Sie ein Konto haben und auf dieser Website angemeldet sind.<\/p>\r\n\r\n\r\n\r\n<h2 class=\"wp-block-heading\">Mit wem wir Ihre Daten teilen<\/h2>\r\n\r\n\r\n\r\n<p><strong class=\"privacy-policy-tutorial\">Vorgeschlagener Text: <\/strong>Wenn Sie ein neues Passwort anfordern, wird Ihre IP-Adresse in der E-Mail mit dem neuen Passwort angegeben.<\/p>\r\n\r\n\r\n\r\n<h2 class=\"wp-block-heading\">Wie lange wir Ihre Daten aufbewahren<\/h2>\r\n\r\n\r\n\r\n<p><strong class=\"privacy-policy-tutorial\">Vorgeschlagener Text: <\/strong>Wenn Sie einen Kommentar hinterlassen, werden der Kommentar und seine Metadaten auf unbestimmte Zeit gespeichert. Auf diese Weise k\u00f6nnen wir Folgekommentare automatisch erkennen und genehmigen, anstatt sie in einer Moderationswarteschlange zu halten.<\/p>\r\n\r\n\r\n\r\n<p>F\u00fcr Benutzer, die sich auf unserer Website registrieren (falls vorhanden), speichern wir auch die pers\u00f6nlichen Informationen, die sie in ihrem Benutzerprofil angeben. Alle Nutzer k\u00f6nnen ihre pers\u00f6nlichen Daten jederzeit einsehen, bearbeiten oder l\u00f6schen (sie k\u00f6nnen jedoch ihren Benutzernamen nicht \u00e4ndern). Auch die Administratoren der Website k\u00f6nnen diese Informationen einsehen und bearbeiten.<\/p>\r\n\r\n\r\n\r\n<h2 class=\"wp-block-heading\">Welche Rechte Sie an Ihren Daten haben<\/h2>\r\n\r\n\r\n\r\n<p><strong class=\"privacy-policy-tutorial\">Vorgeschlagener Text: <\/strong>Wenn Sie ein Konto auf dieser Website haben oder Kommentare hinterlassen haben, k\u00f6nnen Sie eine exportierte Datei mit den personenbezogenen Daten anfordern, die wir \u00fcber Sie gespeichert haben, einschlie\u00dflich aller Daten, die Sie uns zur Verf\u00fcgung gestellt haben. Sie k\u00f6nnen auch verlangen, dass wir alle personenbezogenen Daten, die wir \u00fcber Sie gespeichert haben, l\u00f6schen. Davon ausgenommen sind Daten, die wir aus verwaltungstechnischen, rechtlichen oder sicherheitsrelevanten Gr\u00fcnden aufbewahren m\u00fcssen.<\/p>\r\n\r\n\r\n\r\n<h2 class=\"wp-block-heading\">Wohin Ihre Daten gesendet werden<\/h2>\r\n\r\n\r\n\r\n<p><strong class=\"privacy-policy-tutorial\">Vorgeschlagener Text: <\/strong>Die Kommentare der Besucher k\u00f6nnen durch einen automatischen Spam-Erkennungsdienst \u00fcberpr\u00fcft werden.<\/p>","protected":false},"excerpt":{"rendered":"<p>Wer wir sind Vorgeschlagener Text: Unsere Website-Adresse lautet: https:\/\/subli.nl. Kommentare Vorgeschlagener Text: Wenn Besucher Kommentare auf der Website hinterlassen, sammeln wir die im Kommentarformular angezeigten Daten sowie die IP-Adresse und den Browser-Benutzer-Agent-String des Besuchers, um die Spam-Erkennung zu erleichtern. Eine anonymisierte Zeichenfolge, die aus Ihrer E-Mail-Adresse (auch...<\/p>","protected":false},"author":1,"featured_media":0,"parent":7958,"menu_order":0,"comment_status":"closed","ping_status":"open","template":"","meta":{"_acf_changed":false,"footnotes":""},"class_list":["post-3","page","type-page","status-publish","hentry"],"acf":{"layout":[{"acf_fc_layout":"page_intro","menu_anchor":"","title":"Erkl\u00e4rung zum Datenschutz","short_intro":"Dit is de privacyverklaring van Subli Paardenvoeders, dochteronderneming van L.T.C. AgruniekRijnvallei u.a. In deze privacyverklaring word je ge\u00efnformeerd over de manier waarop AR (AgruniekRijnvallei) je persoonsgegevens verwerkt. Deze verklaring heeft betrekking op alle contacten die AR met personen heeft.","page_content":"<!-- wp:heading -->\r\n\r\n<strong>De contactgegevens van AR zijn:<\/strong>\r\nL.T.C. AgruniekRijnvallei u.a.\r\nPostbus 610\r\n6700 AP Wageningen\r\nT +31 (0)317-499599\r\nE\u00a0<a href=\"mailto:info@argroep.nl\">info@argroep.nl<\/a>\r\n\r\nHet kan zijn dat AR een specifiek privacy statement heeft voor bepaalde producten en\/of diensten. In dat geval geldt het specifieke privacy statement.\r\n\r\n<strong>Welke persoonsgegevens verwerkt AR?<\/strong>\r\nBij persoonsgegevens kun je bijv. denken aan: naam, adres, geboortedatum, telefoonnummer, e-mailadres, IBAN of een IP-adres. AR verzamelt jouw persoonsgegevens als je bijvoorbeeld een contactformulier invult, een brief of e-mail stuurt of met onze verkoopbinnendienst belt. Ook als je een van de online diensten van AR bezoekt of als je jouw gegevens aldaar of bij een van de vestigingen of medewerkers achterlaat, verstrek je persoonsgegevens aan ons. Verder kunnen persoonsgegevens worden verzameld in het kader van een (potenti\u00eble) klant of zakelijke relatie met AR.\r\n\r\n<strong>Wat doet AR met persoonsgegevens? \u00a0\u00a0<\/strong>\r\nAR gebruikt jouw persoonsgegevens ten behoeve van een effici\u00ebnte en effectieve bedrijfsvoering, de levering van producten en diensten en in het bijzonder voor de uitvoering van de volgende activiteiten:\r\n<ul>\r\n \t<li>AR verwerkt persoonsgegevens voor het uitvoeren van afspraken en het onderhouden van relaties met klanten, leveranciers en andere betrokkenen. Zo legt AR bijvoorbeeld de naam en adresgegevens vast van een klant of zijn vertegenwoordigers en past AR deze gegevens bij wijziging aan. AR baseert zich voor deze verwerking op de uitvoering van een overeenkomst respectievelijk op haar gerechtvaardigd belang aangezien het onderhouden van relaties noodzakelijk is in het kader van de normale bedrijfsvoering.<\/li>\r\n \t<li>AR verwerkt ook persoonsgegevens, zoals inloggegevens, als klanten zich registreren via Mijn AR-portal, Mijn Voermeesters-portal en\/of webshops. Deze online diensten geven klanten inzicht in hun bedrijfsgegevens zoals bestellingen en facturen. Aan de hand van de gegevens die beschikbaar zijn gesteld, kan AR aan klanten advies op maat verlenen met betrekking tot voer en\/of een effici\u00ebnte en effectieve bedrijfsvoering. Mede vanwege het voergerelateerde en bedrijfsmatige karakter van deze adviezen en het streven naar optimalisatie van de dienstverlening baseert AR zich voor de verwerking van deze gegevens op het gerechtvaardigd belang. AR kan deze gegevens ook gebruiken voor bijvoorbeeld de afhandeling van klachten.<\/li>\r\n<\/ul>\r\n<ul>\r\n \t<li>Om marketingactiviteiten uit te kunnen voeren, verwerkt AR persoonsgegevens van (potenti\u00eble) relaties en leden, zoals adresgegevens, e-mailadres, bedrijfs- en sectorgegevens en het bezoek aan onze online diensten. Waar nodig worden persoonsgegevens in dit kader verwerkt op basis van toestemming. Voor direct marketing doeleinden worden persoonsgegevens van relaties verwerkt op basis van het gerechtvaardigd belang aangezien deze activiteiten worden gerekend tot de normale bedrijfsvoering van AR.<\/li>\r\n<\/ul>\r\n<ul>\r\n \t<li>Voor communicatiedoeleinden, zoals het verstrekken van informatie over producten, diensten en evenementen via bijvoorbeeld een nieuwsbrief, een van de online diensten en sociale media, kunnen contactgegevens van relaties worden verwerkt. In dit kader kan AR ook (financi\u00eble) informatie verstrekken aan analisten, de pers en\/of anderen die hun contactgegevens voor dit doel bij AR hebben achtergelaten. Voor het verstrekken van informatie via een nieuwsbrief wordt voorafgaande toestemming gevraagd. Ten aanzien van cookies wordt verwezen naar\u00a0ons\u00a0cookiebeleid. Voor overige communicatiedoeleinden vormt het gerechtvaardigd belang van AR de grondslag aangezien die activiteiten de normale bedrijfsvoering van AR betreffen.<\/li>\r\n<\/ul>\r\n<ul>\r\n \t<li>Om de dienstverlening te kunnen verbeteren worden persoonsgegevens van klanten, zoals gegevens over de levering van producten en diensten, bezoekverslagen, (financi\u00eble) kengetallen\/gegevens of technische (bedrijfs- en dier)resultaten, gebruikt voor interne analyses en om de product- en bedrijfsprestaties te meten en te kunnen verbeteren. De grondslag voor deze verwerking is het gerechtvaardigd belang aangezien de verwerking noodzakelijk is in het kader van de normale bedrijfsvoering van AR.<\/li>\r\n<\/ul>\r\n<ul>\r\n \t<li>Via \u2019Werken bij\u2019 op de websites van AR kunnen werkzoekenden op basis van toestemming verschillende gegevens achterlaten, zoals hun contactgegevens en cv. Ook kan de werkzoekende hierbij via een koppeling gebruikmaken van zijn of haar LinkedIn-profiel of een vergelijkbare toepassing. Aan de hand van deze gegevens kan AR beoordelen of een werkzoekende wordt uitgenodigd voor een gesprek.<\/li>\r\n<\/ul>\r\n<ul>\r\n \t<li>Ten behoeve van de financi\u00eble administratie en interne controle worden bijvoorbeeld factuur- en betalingsgegevens verwerkt. De grondslag van deze verwerking is uitvoering van een overeenkomst.<\/li>\r\n<\/ul>\r\n<ul>\r\n \t<li>Ter beveiliging van personen (zoals bezoekers en medewerkers), informatie, gebouwen en producten kan bijvoorbeeld aan bezoekers van onze locaties gevraagd worden om naam en bedrijfsgegevens achter te laten. Op alle vestigingen van AR kan gebruik worden gemaakt van cameratoezicht. Persoonsgegevens worden in dit geval verwerkt op basis van het gerechtvaardigd belang dat AR heeft bij beveiliging.<\/li>\r\n<\/ul>\r\n<ul>\r\n \t<li>Voor ontwikkel- en analysedoeleinden ter verbetering van de online diensten van AR worden gegevens verwerkt zoals IP-adres, de bezochte webpagina\u2019s, klik- en surfgedrag, de internetbrowser en de duur van een bezoek of sessie. De grondslag voor deze verwerking is het gerechtvaardigd belang. Hierbij wordt verwezen naar\u00a0het\u00a0cookiebeleid.<\/li>\r\n<\/ul>\r\n<strong>Met wie deelt AR jouw persoonsgegevens en waarom?<\/strong>\r\nAR zal jouw persoonsgegevens niet aan derden verkopen en zal deze uitsluitend gebruiken voor de hierboven genoemde doeleinden. AR kan in het kader van haar bedrijfsvoering derden inschakelen. Voor zover deze derden bij het uitvoeren van de bedrijfsactiviteiten jouw gegevens verwerken, worden daarvoor de vereiste maatregelen genomen om ervoor te zorgen dat jouw gegevens uitsluitend worden verwerkt voor zover dat in dit kader noodzakelijk is. AR zal verder jouw gegevens aan derden verstrekken in gevallen waarin zij daartoe verplicht is, zoals bij een gerechtelijk bevel, of als zij daarvoor voorafgaand toestemming heeft gekregen.\r\n\r\n<strong>Uitwisseling van gegevens binnen de AR-dochterondernemingen\u00a0<\/strong>\r\nAls je klant bent van AR dan kunnen jouw persoonsgegevens binnen de dochterondernemingen van AR worden gedeeld. Dit kan worden gedaan vanwege administratieve doeleinden. Ook kan het gedaan worden om een totaaloverzicht te krijgen van jouw bedrijf en van de producten en diensten die je bij AR afneemt. AR kan je hierdoor beter van dienst zijn. AR baseert zich hierbij op haar gerechtvaardigd belang aangezien deze activiteiten de normale bedrijfsvoering van AR betreffen.\r\n\r\n<strong>Hoe lang bewaart AR jouw persoonsgegevens?<\/strong>\r\nAR bewaart persoonsgegevens niet langer dan noodzakelijk voor de hierboven genoemde doeleinden. De bewaartermijn voor persoonsgegevens is afhankelijk van het doel waarvoor de persoonsgegevens worden gebruikt. Hierbij wordt in ieder geval rekening gehouden met de van toepassing zijnde wettelijke bewaartermijn, de redelijke verwachting dat persoonsgegevens nog gebruikt zullen worden voor het doel waarvoor deze zijn verkregen en met de gerechtvaardigde belangen van AR. Zodra de persoonsgegevens niet meer noodzakelijk zijn, worden deze geanonimiseerd of verwijderd.\r\n\r\n<strong>Hoe beschermt AR jouw persoonsgegevens?<\/strong>\r\nAR heeft de nodige beveiligingsmaatregelen genomen om onrechtmatig gebruik van jouw persoonsgegevens te voorkomen. AR heeft een informatiebeveiligingsbeleid die regelmatig aangepast wordt aan de nieuwe regelgeving en ontwikkelingen op de markt. Daarnaast heeft AR maatregelen genomen met betrekking tot de fysieke en digitale toegangsbeveiliging (beleid en procedures, IT-beveiliging enzovoort). Bovendien mogen medewerkers van AR jouw persoonsgegevens niet onrechtmatig of onnodig verstrekken.\r\n\r\n<strong>Verzoeken om inzage, correctie, verwijdering, bezwaar en gegevensoverdracht<\/strong>\r\nIndien je een eigen account hebt bij AR (bijvoorbeeld Mijn AR) dan heb je inzage in een groot deel van de over jouw verzamelde persoonsgegevens. Je kunt zelf op elk gewenst moment een aantal gegevens wijzigen of verwijderen, bijvoorbeeld als het gaat om jouw accountgegevens.\r\n\r\nAls je inzage wenst met betrekking tot alle over jou verzamelde persoonsgegevens of als je geen eigen account hebt bij AR dan kun je een verzoek daartoe indienen door een e-mail te versturen naar info@argroep.nl. Dit e-mailadres kun je tevens gebruiken als jouw persoonsgegevens wilt laten corrigeren of verwijderen, als je bezwaar wilt maken tegen een verwerking of als je gebruik wilt maken van het recht op gegevensoverdracht.\r\n\r\n<strong>Contact en vragen over privacy<\/strong>\r\nHeb je vragen, opmerkingen of klachten over de bescherming van jouw persoonsgegevens door AR? Stuur dan een e-mail naar info@argroep.nl of bel naar +31 (0)317-499599.\r\n\r\nJe kunt ook een brief sturen naar:\r\n\r\nL.T.C. AgruniekRijnvallei u.a.\r\nPostbus 610\r\n6700 AP Wageningen\r\n\r\nVoorts heb je op grond van de toepasselijke privacy wet- en regelgeving het recht om een klacht in te dienen bij een toezichthoudende entiteit.\r\n\r\n<strong>Wijzigingen<\/strong>\r\nDit privacy statement van AR kan worden aangepast als nieuwe ontwikkelingen daartoe aanleiding geven. Deze versie is van 28 mei 2018.\r\n\r\n<!-- \/wp:paragraph -->","introduction_image":""}]},"yoast_head":"<!-- This site is optimized with the Yoast SEO plugin v27.4 - https:\/\/yoast.com\/product\/yoast-seo-wordpress\/ -->\n<title>Privacyverklaring | Subli<\/title>\n<meta name=\"robots\" content=\"index, follow, max-snippet:-1, max-image-preview:large, max-video-preview:-1\" \/>\n<link rel=\"canonical\" href=\"https:\/\/subli.nl\/de\/haftungsausschluss\/erklarung-zum-datenschutz\/\" \/>\n<meta property=\"og:locale\" content=\"de_DE\" \/>\n<meta property=\"og:type\" content=\"article\" \/>\n<meta property=\"og:title\" content=\"Privacyverklaring | Subli\" \/>\n<meta property=\"og:description\" content=\"Who we are Suggested text: Our website address is: https:\/\/subli.nl. Comments Suggested text: When visitors leave comments on the site we collect the data shown in the comments form, and also the visitor\u2019s IP address and browser user agent string to help spam detection. An anonymized string created from your email address (also called a...\" \/>\n<meta property=\"og:url\" content=\"https:\/\/subli.nl\/de\/haftungsausschluss\/erklarung-zum-datenschutz\/\" \/>\n<meta property=\"og:site_name\" content=\"Subli\" \/>\n<meta property=\"article:modified_time\" content=\"2022-11-28T13:49:59+00:00\" \/>\n<meta property=\"og:image\" content=\"https:\/\/subli.nl\/wp-content\/uploads\/2022\/11\/subli-paardenvoeders-website-1200x630-1.jpg\" \/>\n\t<meta property=\"og:image:width\" content=\"1200\" \/>\n\t<meta property=\"og:image:height\" content=\"628\" \/>\n\t<meta property=\"og:image:type\" content=\"image\/jpeg\" \/>\n<meta name=\"twitter:card\" content=\"summary_large_image\" \/>\n<meta name=\"twitter:label1\" content=\"Gesch\u00e4tzte Lesezeit\" \/>\n\t<meta name=\"twitter:data1\" content=\"4\u00a0Minuten\" \/>\n<script type=\"application\/ld+json\" class=\"yoast-schema-graph\">{\"@context\":\"https:\\\/\\\/schema.org\",\"@graph\":[{\"@type\":\"WebPage\",\"@id\":\"https:\\\/\\\/subli.nl\\\/disclaimer\\\/privacyverklaring\\\/\",\"url\":\"https:\\\/\\\/subli.nl\\\/disclaimer\\\/privacyverklaring\\\/\",\"name\":\"Privacyverklaring | Subli\",\"isPartOf\":{\"@id\":\"https:\\\/\\\/subli.nl\\\/#website\"},\"datePublished\":\"2022-09-09T07:14:12+00:00\",\"dateModified\":\"2022-11-28T13:49:59+00:00\",\"breadcrumb\":{\"@id\":\"https:\\\/\\\/subli.nl\\\/disclaimer\\\/privacyverklaring\\\/#breadcrumb\"},\"inLanguage\":\"de\",\"potentialAction\":[{\"@type\":\"ReadAction\",\"target\":[\"https:\\\/\\\/subli.nl\\\/disclaimer\\\/privacyverklaring\\\/\"]}]},{\"@type\":\"BreadcrumbList\",\"@id\":\"https:\\\/\\\/subli.nl\\\/disclaimer\\\/privacyverklaring\\\/#breadcrumb\",\"itemListElement\":[{\"@type\":\"ListItem\",\"position\":1,\"name\":\"Disclaimer\",\"item\":\"https:\\\/\\\/subli.nl\\\/disclaimer\\\/\"},{\"@type\":\"ListItem\",\"position\":2,\"name\":\"Privacyverklaring\"}]},{\"@type\":\"WebSite\",\"@id\":\"https:\\\/\\\/subli.nl\\\/#website\",\"url\":\"https:\\\/\\\/subli.nl\\\/\",\"name\":\"Subli\",\"description\":\"Paardenvoeders\",\"publisher\":{\"@id\":\"https:\\\/\\\/subli.nl\\\/#organization\"},\"potentialAction\":[{\"@type\":\"SearchAction\",\"target\":{\"@type\":\"EntryPoint\",\"urlTemplate\":\"https:\\\/\\\/subli.nl\\\/?s={search_term_string}\"},\"query-input\":{\"@type\":\"PropertyValueSpecification\",\"valueRequired\":true,\"valueName\":\"search_term_string\"}}],\"inLanguage\":\"de\"},{\"@type\":\"Organization\",\"@id\":\"https:\\\/\\\/subli.nl\\\/#organization\",\"name\":\"Subli\",\"url\":\"https:\\\/\\\/subli.nl\\\/\",\"logo\":{\"@type\":\"ImageObject\",\"inLanguage\":\"de\",\"@id\":\"https:\\\/\\\/subli.nl\\\/#\\\/schema\\\/logo\\\/image\\\/\",\"url\":\"https:\\\/\\\/subli.nl\\\/wp-content\\\/uploads\\\/2023\\\/06\\\/logo-subli-nieuw.svg\",\"contentUrl\":\"https:\\\/\\\/subli.nl\\\/wp-content\\\/uploads\\\/2023\\\/06\\\/logo-subli-nieuw.svg\",\"width\":100,\"height\":100,\"caption\":\"Subli\"},\"image\":{\"@id\":\"https:\\\/\\\/subli.nl\\\/#\\\/schema\\\/logo\\\/image\\\/\"}}]}<\/script>\n<!-- \/ Yoast SEO plugin. -->","yoast_head_json":{"title":"Datenschutzerkl\u00e4rung | Subli","robots":{"index":"index","follow":"follow","max-snippet":"max-snippet:-1","max-image-preview":"max-image-preview:large","max-video-preview":"max-video-preview:-1"},"canonical":"https:\/\/subli.nl\/de\/haftungsausschluss\/erklarung-zum-datenschutz\/","og_locale":"de_DE","og_type":"article","og_title":"Privacyverklaring | Subli","og_description":"Who we are Suggested text: Our website address is: https:\/\/subli.nl. Comments Suggested text: When visitors leave comments on the site we collect the data shown in the comments form, and also the visitor\u2019s IP address and browser user agent string to help spam detection. An anonymized string created from your email address (also called a...","og_url":"https:\/\/subli.nl\/de\/haftungsausschluss\/erklarung-zum-datenschutz\/","og_site_name":"Subli","article_modified_time":"2022-11-28T13:49:59+00:00","og_image":[{"width":1200,"height":628,"url":"https:\/\/subli.nl\/wp-content\/uploads\/2022\/11\/subli-paardenvoeders-website-1200x630-1.jpg","type":"image\/jpeg"}],"twitter_card":"summary_large_image","twitter_misc":{"Gesch\u00e4tzte Lesezeit":"4\u00a0Minuten"},"schema":{"@context":"https:\/\/schema.org","@graph":[{"@type":"WebPage","@id":"https:\/\/subli.nl\/disclaimer\/privacyverklaring\/","url":"https:\/\/subli.nl\/disclaimer\/privacyverklaring\/","name":"Datenschutzerkl\u00e4rung | Subli","isPartOf":{"@id":"https:\/\/subli.nl\/#website"},"datePublished":"2022-09-09T07:14:12+00:00","dateModified":"2022-11-28T13:49:59+00:00","breadcrumb":{"@id":"https:\/\/subli.nl\/disclaimer\/privacyverklaring\/#breadcrumb"},"inLanguage":"de","potentialAction":[{"@type":"ReadAction","target":["https:\/\/subli.nl\/disclaimer\/privacyverklaring\/"]}]},{"@type":"BreadcrumbList","@id":"https:\/\/subli.nl\/disclaimer\/privacyverklaring\/#breadcrumb","itemListElement":[{"@type":"ListItem","position":1,"name":"Disclaimer","item":"https:\/\/subli.nl\/disclaimer\/"},{"@type":"ListItem","position":2,"name":"Privacyverklaring"}]},{"@type":"WebSite","@id":"https:\/\/subli.nl\/#website","url":"https:\/\/subli.nl\/","name":"Subli","description":"Pferdefutter","publisher":{"@id":"https:\/\/subli.nl\/#organization"},"potentialAction":[{"@type":"SearchAction","target":{"@type":"EntryPoint","urlTemplate":"https:\/\/subli.nl\/?s={search_term_string}"},"query-input":{"@type":"PropertyValueSpecification","valueRequired":true,"valueName":"search_term_string"}}],"inLanguage":"de"},{"@type":"Organization","@id":"https:\/\/subli.nl\/#organization","name":"Subli","url":"https:\/\/subli.nl\/","logo":{"@type":"ImageObject","inLanguage":"de","@id":"https:\/\/subli.nl\/#\/schema\/logo\/image\/","url":"https:\/\/subli.nl\/wp-content\/uploads\/2023\/06\/logo-subli-nieuw.svg","contentUrl":"https:\/\/subli.nl\/wp-content\/uploads\/2023\/06\/logo-subli-nieuw.svg","width":100,"height":100,"caption":"Subli"},"image":{"@id":"https:\/\/subli.nl\/#\/schema\/logo\/image\/"}}]}},"_links":{"self":[{"href":"https:\/\/subli.nl\/de\/wp-json\/wp\/v2\/pages\/3","targetHints":{"allow":["GET"]}}],"collection":[{"href":"https:\/\/subli.nl\/de\/wp-json\/wp\/v2\/pages"}],"about":[{"href":"https:\/\/subli.nl\/de\/wp-json\/wp\/v2\/types\/page"}],"author":[{"embeddable":true,"href":"https:\/\/subli.nl\/de\/wp-json\/wp\/v2\/users\/1"}],"replies":[{"embeddable":true,"href":"https:\/\/subli.nl\/de\/wp-json\/wp\/v2\/comments?post=3"}],"version-history":[{"count":0,"href":"https:\/\/subli.nl\/de\/wp-json\/wp\/v2\/pages\/3\/revisions"}],"up":[{"embeddable":true,"href":"https:\/\/subli.nl\/de\/wp-json\/wp\/v2\/pages\/7958"}],"wp:attachment":[{"href":"https:\/\/subli.nl\/de\/wp-json\/wp\/v2\/media?parent=3"}],"curies":[{"name":"wp","href":"https:\/\/api.w.org\/{rel}","templated":true}]}}