{"id":15,"date":"2022-09-09T11:11:10","date_gmt":"2022-09-09T09:11:10","guid":{"rendered":"https:\/\/nieuw.subli.nl\/?page_id=15"},"modified":"2024-05-01T13:52:33","modified_gmt":"2024-05-01T11:52:33","slug":"faq","status":"publish","type":"page","link":"https:\/\/subli.nl\/de\/faq\/","title":{"rendered":"FAQ"},"content":{"rendered":"","protected":false},"excerpt":{"rendered":"","protected":false},"author":1,"featured_media":0,"parent":0,"menu_order":0,"comment_status":"closed","ping_status":"closed","template":"","meta":{"_acf_changed":false,"footnotes":""},"class_list":["post-15","page","type-page","status-publish","hentry"],"acf":{"layout":[{"acf_fc_layout":"page_intro","menu_anchor":"","title":"FAQ","short_intro":"Bij Subli zijn we gek op paarden. Daarom willen we het beste voor ieder paard. Dat begint bij vergaande kennis van paardenvoer en jarenlange praktijkervaring. Je paard optimaal verzorgen, we helpen je er graag bij. ","page_content":"<h2>Waar kunnen we je mee helpen?<\/h2>\r\nDe meest voorkomende vragen over het goed voeren van paarden, veel voorkomende problemen bij paarden en de meest gestelde vragen over het assortiment van Subli hebben we hieronder voor jou gebundeld.","introduction_image":6865},{"acf_fc_layout":"content","menu_anchor":"","full_width_content_block":false,"the_content_background_color":"","the_content":"<h3>Help, mijn paard\u2026<\/h3>\r\n[accordions id=\"8242\"]\r\n\r\n&nbsp;\r\n<h3>Ik heb vragen over een goed voerbeleid<\/h3>\r\n[accordions id=\"8241\"]\r\n\r\n&nbsp;\r\n<h3>Algemene paardentermen uitgelegd<\/h3>\r\n[accordions id=\"8240\"]\r\n\r\n&nbsp;\r\n<h3>Ik heb vragen over de producten van Subli<\/h3>\r\n[accordions id=\"8243\"]\r\n<h3><\/h3>\r\n<h3>Ik heb vragen over Mijn Voermeesters<\/h3>\r\n[accordions id=\"8244\"]\r\n\r\n&nbsp;\r\n<h3>Staat jouw vraag er niet tussen?<\/h3>\r\nUiteraard kun je altijd een\u00a0<a href=\"https:\/\/subli.nl\/voeradvies\/\">persoonlijk voeradvies aanvragen<\/a>\u00a0via het contactformulier op onze website. Met Subli wordt verantwoord voeren zo een stuk eenvoudiger.\r\n\r\n<strong>Openingstijden klantenservice<\/strong>\r\nMaandag t\/m vrijdag: 8.00 \u2013 20.00 uur\r\nZaterdag: 10.00 \u2013 16.00 uur\r\n\r\n<strong><a class=\"col_green d-block\" href=\"tel:+31 (0)317 - 499595\">+31 (0)317 \u2013 499595<\/a><\/strong>\r\n<strong><a class=\"col_red d-block\" href=\"mailto:info@subli.nl\">info@subli.nl<\/a><\/strong>"}]},"yoast_head":"<!-- This site is optimized with the Yoast SEO plugin v27.4 - https:\/\/yoast.com\/product\/yoast-seo-wordpress\/ -->\n<title>FAQ | Subli<\/title>\n<meta name=\"description\" content=\"De antwoorden op de meest gestelde vragen over het goed voeren van paarden en veel voorkomende problemen bij paarden vind je hier.\" \/>\n<meta name=\"robots\" content=\"index, follow, max-snippet:-1, max-image-preview:large, max-video-preview:-1\" \/>\n<link rel=\"canonical\" href=\"https:\/\/subli.nl\/de\/faq\/\" \/>\n<meta property=\"og:locale\" content=\"de_DE\" \/>\n<meta property=\"og:type\" content=\"article\" \/>\n<meta property=\"og:title\" content=\"FAQ | Subli\" \/>\n<meta property=\"og:description\" content=\"De antwoorden op de meest gestelde vragen over het goed voeren van paarden en veel voorkomende problemen bij paarden vind je hier.\" \/>\n<meta property=\"og:url\" content=\"https:\/\/subli.nl\/de\/faq\/\" \/>\n<meta property=\"og:site_name\" content=\"Subli\" \/>\n<meta property=\"article:modified_time\" content=\"2024-05-01T11:52:33+00:00\" \/>\n<meta property=\"og:image\" content=\"https:\/\/subli.nl\/wp-content\/uploads\/2022\/11\/subli-paardenvoeders-website-1200x630-1.jpg\" \/>\n\t<meta property=\"og:image:width\" content=\"1200\" \/>\n\t<meta property=\"og:image:height\" content=\"628\" \/>\n\t<meta property=\"og:image:type\" content=\"image\/jpeg\" \/>\n<meta name=\"twitter:card\" content=\"summary_large_image\" \/>\n<script type=\"application\/ld+json\" class=\"yoast-schema-graph\">{\"@context\":\"https:\\\/\\\/schema.org\",\"@graph\":[{\"@type\":\"WebPage\",\"@id\":\"https:\\\/\\\/subli.nl\\\/faq\\\/\",\"url\":\"https:\\\/\\\/subli.nl\\\/faq\\\/\",\"name\":\"FAQ | Subli\",\"isPartOf\":{\"@id\":\"https:\\\/\\\/subli.nl\\\/#website\"},\"datePublished\":\"2022-09-09T09:11:10+00:00\",\"dateModified\":\"2024-05-01T11:52:33+00:00\",\"description\":\"De antwoorden op de meest gestelde vragen over het goed voeren van paarden en veel voorkomende problemen bij paarden vind je hier.\",\"inLanguage\":\"de\",\"potentialAction\":[{\"@type\":\"ReadAction\",\"target\":[\"https:\\\/\\\/subli.nl\\\/faq\\\/\"]}]},{\"@type\":\"WebSite\",\"@id\":\"https:\\\/\\\/subli.nl\\\/#website\",\"url\":\"https:\\\/\\\/subli.nl\\\/\",\"name\":\"Subli\",\"description\":\"Paardenvoeders\",\"publisher\":{\"@id\":\"https:\\\/\\\/subli.nl\\\/#organization\"},\"potentialAction\":[{\"@type\":\"SearchAction\",\"target\":{\"@type\":\"EntryPoint\",\"urlTemplate\":\"https:\\\/\\\/subli.nl\\\/?s={search_term_string}\"},\"query-input\":{\"@type\":\"PropertyValueSpecification\",\"valueRequired\":true,\"valueName\":\"search_term_string\"}}],\"inLanguage\":\"de\"},{\"@type\":\"Organization\",\"@id\":\"https:\\\/\\\/subli.nl\\\/#organization\",\"name\":\"Subli\",\"url\":\"https:\\\/\\\/subli.nl\\\/\",\"logo\":{\"@type\":\"ImageObject\",\"inLanguage\":\"de\",\"@id\":\"https:\\\/\\\/subli.nl\\\/#\\\/schema\\\/logo\\\/image\\\/\",\"url\":\"https:\\\/\\\/subli.nl\\\/wp-content\\\/uploads\\\/2023\\\/06\\\/logo-subli-nieuw.svg\",\"contentUrl\":\"https:\\\/\\\/subli.nl\\\/wp-content\\\/uploads\\\/2023\\\/06\\\/logo-subli-nieuw.svg\",\"width\":100,\"height\":100,\"caption\":\"Subli\"},\"image\":{\"@id\":\"https:\\\/\\\/subli.nl\\\/#\\\/schema\\\/logo\\\/image\\\/\"}}]}<\/script>\n<!-- \/ Yoast SEO plugin. -->","yoast_head_json":{"title":"FAQ | Subli","description":"Hier finden Sie die Antworten auf die am h\u00e4ufigsten gestellten Fragen zur richtigen F\u00fctterung von Pferden und zu h\u00e4ufigen Problemen bei Pferden.","robots":{"index":"index","follow":"follow","max-snippet":"max-snippet:-1","max-image-preview":"max-image-preview:large","max-video-preview":"max-video-preview:-1"},"canonical":"https:\/\/subli.nl\/de\/faq\/","og_locale":"de_DE","og_type":"article","og_title":"FAQ | Subli","og_description":"De antwoorden op de meest gestelde vragen over het goed voeren van paarden en veel voorkomende problemen bij paarden vind je hier.","og_url":"https:\/\/subli.nl\/de\/faq\/","og_site_name":"Subli","article_modified_time":"2024-05-01T11:52:33+00:00","og_image":[{"width":1200,"height":628,"url":"https:\/\/subli.nl\/wp-content\/uploads\/2022\/11\/subli-paardenvoeders-website-1200x630-1.jpg","type":"image\/jpeg"}],"twitter_card":"summary_large_image","schema":{"@context":"https:\/\/schema.org","@graph":[{"@type":"WebPage","@id":"https:\/\/subli.nl\/faq\/","url":"https:\/\/subli.nl\/faq\/","name":"FAQ | Subli","isPartOf":{"@id":"https:\/\/subli.nl\/#website"},"datePublished":"2022-09-09T09:11:10+00:00","dateModified":"2024-05-01T11:52:33+00:00","description":"Hier finden Sie die Antworten auf die am h\u00e4ufigsten gestellten Fragen zur richtigen F\u00fctterung von Pferden und zu h\u00e4ufigen Problemen bei Pferden.","inLanguage":"de","potentialAction":[{"@type":"ReadAction","target":["https:\/\/subli.nl\/faq\/"]}]},{"@type":"WebSite","@id":"https:\/\/subli.nl\/#website","url":"https:\/\/subli.nl\/","name":"Subli","description":"Pferdefutter","publisher":{"@id":"https:\/\/subli.nl\/#organization"},"potentialAction":[{"@type":"SearchAction","target":{"@type":"EntryPoint","urlTemplate":"https:\/\/subli.nl\/?s={search_term_string}"},"query-input":{"@type":"PropertyValueSpecification","valueRequired":true,"valueName":"search_term_string"}}],"inLanguage":"de"},{"@type":"Organization","@id":"https:\/\/subli.nl\/#organization","name":"Subli","url":"https:\/\/subli.nl\/","logo":{"@type":"ImageObject","inLanguage":"de","@id":"https:\/\/subli.nl\/#\/schema\/logo\/image\/","url":"https:\/\/subli.nl\/wp-content\/uploads\/2023\/06\/logo-subli-nieuw.svg","contentUrl":"https:\/\/subli.nl\/wp-content\/uploads\/2023\/06\/logo-subli-nieuw.svg","width":100,"height":100,"caption":"Subli"},"image":{"@id":"https:\/\/subli.nl\/#\/schema\/logo\/image\/"}}]}},"_links":{"self":[{"href":"https:\/\/subli.nl\/de\/wp-json\/wp\/v2\/pages\/15","targetHints":{"allow":["GET"]}}],"collection":[{"href":"https:\/\/subli.nl\/de\/wp-json\/wp\/v2\/pages"}],"about":[{"href":"https:\/\/subli.nl\/de\/wp-json\/wp\/v2\/types\/page"}],"author":[{"embeddable":true,"href":"https:\/\/subli.nl\/de\/wp-json\/wp\/v2\/users\/1"}],"replies":[{"embeddable":true,"href":"https:\/\/subli.nl\/de\/wp-json\/wp\/v2\/comments?post=15"}],"version-history":[{"count":0,"href":"https:\/\/subli.nl\/de\/wp-json\/wp\/v2\/pages\/15\/revisions"}],"wp:attachment":[{"href":"https:\/\/subli.nl\/de\/wp-json\/wp\/v2\/media?parent=15"}],"curies":[{"name":"wp","href":"https:\/\/api.w.org\/{rel}","templated":true}]}}