{"id":13,"date":"2022-09-09T11:10:58","date_gmt":"2022-09-09T09:10:58","guid":{"rendered":"https:\/\/nieuw.subli.nl\/?page_id=13"},"modified":"2023-08-10T08:21:18","modified_gmt":"2023-08-10T06:21:18","slug":"kontakt","status":"publish","type":"page","link":"https:\/\/subli.nl\/de\/contact\/","title":{"rendered":"Kontakt"},"content":{"rendered":"","protected":false},"excerpt":{"rendered":"","protected":false},"author":1,"featured_media":0,"parent":0,"menu_order":0,"comment_status":"closed","ping_status":"closed","template":"","meta":{"_acf_changed":false,"footnotes":""},"class_list":["post-13","page","type-page","status-publish","hentry"],"acf":{"layout":[{"acf_fc_layout":"page_intro","menu_anchor":"","title":"Kontakt","short_intro":"","page_content":"<strong><a href=\"https:\/\/subli.nl\/faq\/\">De meest gestelde vragen hebben we hier voor je gebundeld<\/a>. Heb je andere vragen en\/of opmerkingen? Of wil je meer informatie ontvangen over Subli Paardenvoeders? Laat dan je gegevens achter via onderstaand contactformulier of neem contact op met een van <a href=\"https:\/\/subli.nl\/onze-voeradviseurs\/\">onze voeradviseurs<\/a>.<\/strong>","introduction_image":""},{"acf_fc_layout":"contact_info","menu_anchor":"","contact_info_image":6102,"contact_info_title":"Contactformulier","contact_info_form_id":2}]},"yoast_head":"<!-- This site is optimized with the Yoast SEO plugin v27.4 - https:\/\/yoast.com\/product\/yoast-seo-wordpress\/ -->\n<title>Neem contact op met Subli | Specialist in paardenvoeders<\/title>\n<meta name=\"description\" content=\"Of je nu een vraag hebt over een product of wilt sparren over de rantsoen van je paard of pony. Onze voeradviseurs helpen je graag verder.\" \/>\n<meta name=\"robots\" content=\"index, follow, max-snippet:-1, max-image-preview:large, max-video-preview:-1\" \/>\n<link rel=\"canonical\" href=\"https:\/\/subli.nl\/de\/kontakt\/\" \/>\n<meta property=\"og:locale\" content=\"de_DE\" \/>\n<meta property=\"og:type\" content=\"article\" \/>\n<meta property=\"og:title\" content=\"Neem contact op met Subli | Specialist in paardenvoeders\" \/>\n<meta property=\"og:description\" content=\"Of je nu een vraag hebt over een product of wilt sparren over de rantsoen van je paard of pony. Onze voeradviseurs helpen je graag verder.\" \/>\n<meta property=\"og:url\" content=\"https:\/\/subli.nl\/de\/kontakt\/\" \/>\n<meta property=\"og:site_name\" content=\"Subli\" \/>\n<meta property=\"article:modified_time\" content=\"2023-08-10T06:21:18+00:00\" \/>\n<meta property=\"og:image\" content=\"https:\/\/subli.nl\/wp-content\/uploads\/2022\/11\/subli-paardenvoeders-website-1200x630-1.jpg\" \/>\n\t<meta property=\"og:image:width\" content=\"1200\" \/>\n\t<meta property=\"og:image:height\" content=\"628\" \/>\n\t<meta property=\"og:image:type\" content=\"image\/jpeg\" \/>\n<meta name=\"twitter:card\" content=\"summary_large_image\" \/>\n<script type=\"application\/ld+json\" class=\"yoast-schema-graph\">{\"@context\":\"https:\\\/\\\/schema.org\",\"@graph\":[{\"@type\":\"WebPage\",\"@id\":\"https:\\\/\\\/subli.nl\\\/contact\\\/\",\"url\":\"https:\\\/\\\/subli.nl\\\/contact\\\/\",\"name\":\"Neem contact op met Subli | Specialist in paardenvoeders\",\"isPartOf\":{\"@id\":\"https:\\\/\\\/subli.nl\\\/#website\"},\"datePublished\":\"2022-09-09T09:10:58+00:00\",\"dateModified\":\"2023-08-10T06:21:18+00:00\",\"description\":\"Of je nu een vraag hebt over een product of wilt sparren over de rantsoen van je paard of pony. Onze voeradviseurs helpen je graag verder.\",\"inLanguage\":\"de\",\"potentialAction\":[{\"@type\":\"ReadAction\",\"target\":[\"https:\\\/\\\/subli.nl\\\/contact\\\/\"]}]},{\"@type\":\"WebSite\",\"@id\":\"https:\\\/\\\/subli.nl\\\/#website\",\"url\":\"https:\\\/\\\/subli.nl\\\/\",\"name\":\"Subli\",\"description\":\"Paardenvoeders\",\"publisher\":{\"@id\":\"https:\\\/\\\/subli.nl\\\/#organization\"},\"potentialAction\":[{\"@type\":\"SearchAction\",\"target\":{\"@type\":\"EntryPoint\",\"urlTemplate\":\"https:\\\/\\\/subli.nl\\\/?s={search_term_string}\"},\"query-input\":{\"@type\":\"PropertyValueSpecification\",\"valueRequired\":true,\"valueName\":\"search_term_string\"}}],\"inLanguage\":\"de\"},{\"@type\":\"Organization\",\"@id\":\"https:\\\/\\\/subli.nl\\\/#organization\",\"name\":\"Subli\",\"url\":\"https:\\\/\\\/subli.nl\\\/\",\"logo\":{\"@type\":\"ImageObject\",\"inLanguage\":\"de\",\"@id\":\"https:\\\/\\\/subli.nl\\\/#\\\/schema\\\/logo\\\/image\\\/\",\"url\":\"https:\\\/\\\/subli.nl\\\/wp-content\\\/uploads\\\/2023\\\/06\\\/logo-subli-nieuw.svg\",\"contentUrl\":\"https:\\\/\\\/subli.nl\\\/wp-content\\\/uploads\\\/2023\\\/06\\\/logo-subli-nieuw.svg\",\"width\":100,\"height\":100,\"caption\":\"Subli\"},\"image\":{\"@id\":\"https:\\\/\\\/subli.nl\\\/#\\\/schema\\\/logo\\\/image\\\/\"}}]}<\/script>\n<!-- \/ Yoast SEO plugin. -->","yoast_head_json":{"title":"Kontakt Subli | Spezialist f\u00fcr Pferdefuttermittel","description":"Egal, ob Sie eine Frage zu einem Produkt haben oder sich \u00fcber die Ration Ihres Pferdes oder Ponys informieren m\u00f6chten. Unsere Futtermittelberater helfen Ihnen gerne weiter.","robots":{"index":"index","follow":"follow","max-snippet":"max-snippet:-1","max-image-preview":"max-image-preview:large","max-video-preview":"max-video-preview:-1"},"canonical":"https:\/\/subli.nl\/de\/kontakt\/","og_locale":"de_DE","og_type":"article","og_title":"Neem contact op met Subli | Specialist in paardenvoeders","og_description":"Of je nu een vraag hebt over een product of wilt sparren over de rantsoen van je paard of pony. Onze voeradviseurs helpen je graag verder.","og_url":"https:\/\/subli.nl\/de\/kontakt\/","og_site_name":"Subli","article_modified_time":"2023-08-10T06:21:18+00:00","og_image":[{"width":1200,"height":628,"url":"https:\/\/subli.nl\/wp-content\/uploads\/2022\/11\/subli-paardenvoeders-website-1200x630-1.jpg","type":"image\/jpeg"}],"twitter_card":"summary_large_image","schema":{"@context":"https:\/\/schema.org","@graph":[{"@type":"WebPage","@id":"https:\/\/subli.nl\/contact\/","url":"https:\/\/subli.nl\/contact\/","name":"Kontakt Subli | Spezialist f\u00fcr Pferdefuttermittel","isPartOf":{"@id":"https:\/\/subli.nl\/#website"},"datePublished":"2022-09-09T09:10:58+00:00","dateModified":"2023-08-10T06:21:18+00:00","description":"Egal, ob Sie eine Frage zu einem Produkt haben oder sich \u00fcber die Ration Ihres Pferdes oder Ponys informieren m\u00f6chten. Unsere Futtermittelberater helfen Ihnen gerne weiter.","inLanguage":"de","potentialAction":[{"@type":"ReadAction","target":["https:\/\/subli.nl\/contact\/"]}]},{"@type":"WebSite","@id":"https:\/\/subli.nl\/#website","url":"https:\/\/subli.nl\/","name":"Subli","description":"Pferdefutter","publisher":{"@id":"https:\/\/subli.nl\/#organization"},"potentialAction":[{"@type":"SearchAction","target":{"@type":"EntryPoint","urlTemplate":"https:\/\/subli.nl\/?s={search_term_string}"},"query-input":{"@type":"PropertyValueSpecification","valueRequired":true,"valueName":"search_term_string"}}],"inLanguage":"de"},{"@type":"Organization","@id":"https:\/\/subli.nl\/#organization","name":"Subli","url":"https:\/\/subli.nl\/","logo":{"@type":"ImageObject","inLanguage":"de","@id":"https:\/\/subli.nl\/#\/schema\/logo\/image\/","url":"https:\/\/subli.nl\/wp-content\/uploads\/2023\/06\/logo-subli-nieuw.svg","contentUrl":"https:\/\/subli.nl\/wp-content\/uploads\/2023\/06\/logo-subli-nieuw.svg","width":100,"height":100,"caption":"Subli"},"image":{"@id":"https:\/\/subli.nl\/#\/schema\/logo\/image\/"}}]}},"_links":{"self":[{"href":"https:\/\/subli.nl\/de\/wp-json\/wp\/v2\/pages\/13","targetHints":{"allow":["GET"]}}],"collection":[{"href":"https:\/\/subli.nl\/de\/wp-json\/wp\/v2\/pages"}],"about":[{"href":"https:\/\/subli.nl\/de\/wp-json\/wp\/v2\/types\/page"}],"author":[{"embeddable":true,"href":"https:\/\/subli.nl\/de\/wp-json\/wp\/v2\/users\/1"}],"replies":[{"embeddable":true,"href":"https:\/\/subli.nl\/de\/wp-json\/wp\/v2\/comments?post=13"}],"version-history":[{"count":0,"href":"https:\/\/subli.nl\/de\/wp-json\/wp\/v2\/pages\/13\/revisions"}],"wp:attachment":[{"href":"https:\/\/subli.nl\/de\/wp-json\/wp\/v2\/media?parent=13"}],"curies":[{"name":"wp","href":"https:\/\/api.w.org\/{rel}","templated":true}]}}